{"id":22,"date":"2019-06-27T14:21:40","date_gmt":"2019-06-27T17:21:40","guid":{"rendered":"https:\/\/produxxi.com.br\/blog\/?page_id=22"},"modified":"2025-03-16T22:22:13","modified_gmt":"2025-03-17T01:22:13","slug":"sobre","status":"publish","type":"page","link":"https:\/\/produxxi.com.br\/blog\/sobre\/","title":{"rendered":"Sobre"},"content":{"rendered":"\n<p>Conectada \u00e0s tecnologias e \u00e0 tend\u00eancia mundial do &#8220;fa\u00e7a voc\u00ea mesmo&#8221;, a Produxxi tem por miss\u00e3o a busca por solu\u00e7\u00f5es que tornem poss\u00edvel voc\u00ea mesmo produzir alimentos saud\u00e1veis em sua casa. Processos complexos ou invi\u00e1veis &#8211; seja pelo espa\u00e7o, conhecimento ou tempo demandado &#8211; agora poder\u00e3o ser realizados em sua resid\u00eancia, de forma muito mais simples e pr\u00e1tica.<\/p>\n\n\n\n<p>Por tr\u00e1s da rec\u00e9m criada marca Produxxi est\u00e1 uma empresa com mais de 20 anos de experi\u00eancia, que foi adquirida atrav\u00e9s do desenvolvimento e fabrica\u00e7\u00e3o de centenas de milhares de equipamentos eletr\u00f4nicos para diversas \u00e1reas. O primeiro produto apresentado com a marca \u00e9 o inovador defumador el\u00e9trico e autom\u00e1tico DEF-350, testado e aprimorado por 18 meses antes de ser colocado no mercado.<br>Em breve apresentaremos novas solu\u00e7\u00f5es para tornar sua vida mais f\u00e1cil e saud\u00e1vel.<\/p>\n\n\n\n<p>Conhe\u00e7a tamb\u00e9m nosso site visitando: <a rel=\"noreferrer noopener\" aria-label=\" (abre numa nova aba)\" href=\"https:\/\/produxxi.com.br\/blog\" target=\"_blank\">www.produxxi.com.br<\/a><\/p>\n\n\n\n<p>Nunca foi t\u00e3o f\u00e1cil defumar!<\/p>\n","protected":false},"excerpt":{"rendered":"<p>Conectada \u00e0s tecnologias e \u00e0 tend\u00eancia mundial do &#8220;fa\u00e7a voc\u00ea mesmo&#8221;, a Produxxi tem por miss\u00e3o a busca por solu\u00e7\u00f5es que tornem poss\u00edvel voc\u00ea mesmo produzir alimentos saud\u00e1veis em sua casa. Processos complexos ou invi\u00e1veis &#8211; seja pelo espa\u00e7o, conhecimento ou tempo demandado &#8211; agora poder\u00e3o ser realizados em sua resid\u00eancia, de forma muito mais<a class=\"moretag\" href=\"https:\/\/produxxi.com.br\/blog\/sobre\/\"><span class=\"screen-reader-text\">Leia mais sobreSobre<\/span>[&#8230;]<\/a><\/p>\n","protected":false},"author":1,"featured_media":0,"parent":0,"menu_order":0,"comment_status":"closed","ping_status":"closed","template":"","meta":[],"_links":{"self":[{"href":"https:\/\/produxxi.com.br\/blog\/wp-json\/wp\/v2\/pages\/22"}],"collection":[{"href":"https:\/\/produxxi.com.br\/blog\/wp-json\/wp\/v2\/pages"}],"about":[{"href":"https:\/\/produxxi.com.br\/blog\/wp-json\/wp\/v2\/types\/page"}],"author":[{"embeddable":true,"href":"https:\/\/produxxi.com.br\/blog\/wp-json\/wp\/v2\/users\/1"}],"replies":[{"embeddable":true,"href":"https:\/\/produxxi.com.br\/blog\/wp-json\/wp\/v2\/comments?post=22"}],"version-history":[{"count":7,"href":"https:\/\/produxxi.com.br\/blog\/wp-json\/wp\/v2\/pages\/22\/revisions"}],"predecessor-version":[{"id":449,"href":"https:\/\/produxxi.com.br\/blog\/wp-json\/wp\/v2\/pages\/22\/revisions\/449"}],"wp:attachment":[{"href":"https:\/\/produxxi.com.br\/blog\/wp-json\/wp\/v2\/media?parent=22"}],"curies":[{"name":"wp","href":"https:\/\/api.w.org\/{rel}","templated":true}]}}